


{"id":288,"date":"2024-11-23T22:37:30","date_gmt":"2024-11-23T21:37:30","guid":{"rendered":"https:\/\/insectastore.ch\/?page_id=288"},"modified":"2024-11-24T23:52:01","modified_gmt":"2024-11-24T22:52:01","slug":"mentions-legales","status":"publish","type":"page","link":"https:\/\/insectastore.ch\/de\/mentions-legales\/","title":{"rendered":"Impressum"},"content":{"rendered":"<div id=\"fws_69dfe1bf1861b\"  data-column-margin=\"none\" data-midnight=\"dark\" data-top-percent=\"5%\" data-bottom-percent=\"5%\"  class=\"wpb_row vc_row-fluid vc_row full-width-content vc_row-o-equal-height vc_row-flex vc_row-o-content-middle  reverse_columns_column_phone nectar-overflow-hidden top_padding_phone_15pct\"  style=\"padding-top: calc(100vw * 0.05); padding-bottom: calc(100vw * 0.05); \"><div class=\"row-bg-wrap\" data-bg-animation=\"none\" data-bg-animation-delay=\"\" data-bg-overlay=\"false\"><div class=\"inner-wrap row-bg-layer\" ><div class=\"row-bg viewport-desktop\"  style=\"\"><\/div><\/div><\/div><div class=\"row_col_wrap_12 col span_12 dark left\">\n\t<div  class=\"vc_col-sm-12 wpb_column column_container vc_column_container col left_padding_desktop_7vw top_padding_desktop_4vw right_padding_desktop_7vw bottom_padding_desktop_6vw\"  data-padding-pos=\"all\" data-has-bg-color=\"false\" data-bg-color=\"\" data-bg-opacity=\"1\" data-animation=\"\" data-delay=\"0\" >\n\t\t<div class=\"vc_column-inner\" >\n\t\t\t<div class=\"wpb_wrapper\">\n\t\t\t\t<div id=\"fws_69dfe1bf193b6\" data-midnight=\"\" data-column-margin=\"none\" class=\"wpb_row vc_row-fluid vc_row inner_row  right_padding_10pct top_padding_tablet_8pct\"  style=\"padding-top: 5%; \"><div class=\"row-bg-wrap\"> <div class=\"row-bg\" ><\/div> <\/div><div class=\"row_col_wrap_12_inner col span_12  left\">\n\t<div  class=\"vc_col-sm-12 wpb_column column_container vc_column_container col child_column has-animation no-extra-padding el_spacing_0px inherit_tablet inherit_phone mobile-disable-entrance-animation\"   data-padding-pos=\"all\" data-has-bg-color=\"false\" data-bg-color=\"\" data-bg-opacity=\"1\" data-animation=\"fade-in-from-bottom\" data-delay=\"900\" >\n\t\t<div class=\"vc_column-inner\" >\n\t\t<div class=\"wpb_wrapper\">\n\t\t\t<div class=\"nectar-gradient-text\" data-direction=\"horizontal\" data-color=\"extra-color-gradient-1\" style=\"\"><h1>Impressum<\/h1><\/div>\n\t\t<\/div> \n\t<\/div>\n\t<\/div> \n<\/div><\/div>\n\t\t\t<\/div> \n\t\t<\/div>\n\t<\/div> \n<\/div><\/div>\n\t\t<div id=\"fws_69dfe1bf19b64\"  data-column-margin=\"default\" data-midnight=\"dark\" data-top-percent=\"5%\"  class=\"wpb_row vc_row-fluid vc_row  top_padding_tablet_5pct top_padding_phone_5pct\"  style=\"padding-top: calc(100vw * 0.05); padding-bottom: 0px; \"><div class=\"row-bg-wrap\" data-bg-animation=\"none\" data-bg-animation-delay=\"\" data-bg-overlay=\"false\"><div class=\"inner-wrap row-bg-layer\" ><div class=\"row-bg viewport-desktop\"  style=\"\"><\/div><\/div><\/div><div class=\"row_col_wrap_12 col span_12 dark left\"><\/div><\/div>\n\t<div  class=\"vc_col-sm-12 wpb_column column_container vc_column_container col no-extra-padding inherit_tablet inherit_phone\"  data-padding-pos=\"all\" data-has-bg-color=\"false\" data-bg-color=\"\" data-bg-opacity=\"1\" data-animation=\"\" data-delay=\"0\" >\n\t\t<div class=\"vc_column-inner\" >\n\t\t\t<div class=\"wpb_wrapper\">\n\t\t\t\t\n\t\t\t<\/div> \n\t\t<\/div>\n\t<\/div> \n\n<div class=\"wpb_text_column wpb_content_element\" >\n\t<div class=\"wpb_wrapper\">\n\t\t\t<\/div>\n<\/div>\n\n\n\n\n\n\n<h3 class=\"wp-block-heading\"><strong>Rechtliche Informationen<\/strong><\/h3>\n\n\n\n<p class=\"translation-block\">Die Website insectastore.ch (nachfolgend als \"Website\" bezeichnet) sowie die gesch\u00e4ftlichen Aktivit\u00e4ten von InsectaStore werden betrieben und geh\u00f6ren der Hauptgesellschaft:<\/p>\n\n\n\n<p><strong>Glasstec Solution GmbH<\/strong><br>c\/o Plaschy Marc Andr\u00e9<br>Adresse : Rue des Sablons 24, 3960 Sierre<br>Ehemalige Adresse: M\u00e4tzistrasse 5, 3945 Gampel<br>Rechtsform: Gesellschaft mit beschr\u00e4nkter Haftung (GmbH)<br>Sitz: Gampel-Bratsch<br>Status: Aktiv<br>IDE : CHE-387.250.285<br>CH-ID : CH-600-4019338-3<br>OFRC-ID : 1578182<\/p>\n\n\n\n<p>Bei Fragen zu diesen rechtlichen Hinweisen kontaktieren Sie uns bitte per E-Mail unter: info@insectastore.ch. <strong><a>info@insectastore.ch<\/a><\/strong>.<\/p>\n\n\n\n<hr class=\"wp-block-separator has-alpha-channel-opacity\"\/>\n\n\n\n<h3 class=\"wp-block-heading\"><strong>Hosting der Website<\/strong><\/h3>\n\n\n\n<p>Die Website <strong>insectastore.ch<\/strong> wird gehostet von:<br><strong>Infomaniak Network SA<\/strong><br>Rue Eug\u00e8ne-Marziano 25, 1227 Les Acacias, Gen\u00e8ve, Suisse<br>Telefon: +41 22 820 35 44<br>Website: <a href=\"https:\/\/www.infomaniak.com\" target=\"_blank\" rel=\"noopener\">www.infomaniak.com<\/a><\/p>\n\n\n\n<hr class=\"wp-block-separator has-alpha-channel-opacity\"\/>\n\n\n\n<h3 class=\"wp-block-heading\"><strong>Verantwortlichkeit f\u00fcr den Inhalt<\/strong><\/h3>\n\n\n\n<p>Die Inhalte der Website <strong>insectastore.ch<\/strong> werden bereitgestellt von:<br><strong>Glasstec Solution GmbH<\/strong><br>Adresse : Rue des Sablons 24, 3960 Sierre<br>E-mail : <strong><a>info@insectastore.ch<\/a><\/strong><\/p>\n\n\n\n<p>Verantwortlicher f\u00fcr die Ver\u00f6ffentlichung: Marc Plaschy<\/p>\n\n\n\n<hr class=\"wp-block-separator has-alpha-channel-opacity\"\/>\n\n\n\n<h3 class=\"wp-block-heading\"><strong>Geistiges Eigentum<\/strong><\/h3>\n\n\n\n<p class=\"translation-block\">Alle auf der Website insectastore.ch ver\u00f6ffentlichten Inhalte, einschlie\u00dflich, aber nicht beschr\u00e4nkt auf Texte, Bilder, Videos, Logos, Grafiken, Symbole und andere Elemente, sind ausschlie\u00dfliches Eigentum von Glasstec Solution GmbH, sofern nicht anders angegeben.<\/p>\n\n\n\n<p>Jegliche Vervielf\u00e4ltigung, Verbreitung, \u00c4nderung oder Nutzung dieser Inhalte ohne vorherige schriftliche Genehmigung ist streng untersagt und kann rechtliche Schritte nach sich ziehen.<\/p>\n\n\n\n<hr class=\"wp-block-separator has-alpha-channel-opacity\"\/>\n\n\n\n<h3 class=\"wp-block-heading\"><strong>Personenbezogene Daten<\/strong><\/h3>\n\n\n\n<p class=\"translation-block\">Gem\u00e4\u00df den geltenden Datenschutzbestimmungen, insbesondere der Schweizer Datenschutzgesetzgebung (DSG) und der Datenschutz-Grundverordnung (DSGVO) f\u00fcr Nutzer in der EU, verpflichtet sich InsectaStore, Ihre personenbezogenen Daten zu sch\u00fctzen.<\/p>\n\n\n\n<ul class=\"wp-block-list\">\n<li class=\"translation-block\">Die \u00fcber die Website insectastore.ch erfassten Daten (Kontaktformulare, Anmeldungen usw.) werden ausschlie\u00dflich im Rahmen der Gesch\u00e4ftsbeziehung genutzt und niemals an Dritte verkauft.<\/li>\n\n\n\n<li class=\"translation-block\">F\u00fcr Anfragen bez\u00fcglich Zugriff, Berichtigung oder L\u00f6schung Ihrer personenbezogenen Daten kontaktieren Sie uns bitte unter: info@insectastore.ch.<\/li>\n<\/ul>\n\n\n\n<hr class=\"wp-block-separator has-alpha-channel-opacity\"\/>\n\n\n\n<h3 class=\"wp-block-heading\"><strong>Haftung der Website<\/strong><\/h3>\n\n\n\n<p class=\"translation-block\">Glasstec Solution GmbH bem\u00fcht sich, die auf der Website insectastore.ch ver\u00f6ffentlichten Informationen korrekt und aktuell zu halten. Dennoch k\u00f6nnen Fehler oder Auslassungen auftreten. Der Betreiber der Website kann daher nicht f\u00fcr Ungenauigkeiten, Auslassungen oder direkte oder indirekte Sch\u00e4den haftbar gemacht werden, die sich aus der Nutzung der bereitgestellten Informationen ergeben.<\/p>\n\n\n\n<p class=\"translation-block\">Die auf insectastore.ch enthaltenen Hyperlinks zu externen Websites liegen nicht im Verantwortungsbereich von Glasstec Solution GmbH. Der Betreiber hat keine Kontrolle \u00fcber deren Inhalte und \u00fcbernimmt keine Verantwortung f\u00fcr m\u00f6gliche Sch\u00e4den, die durch deren Nutzung entstehen k\u00f6nnen.<\/p>\n\n\n\n<hr class=\"wp-block-separator has-alpha-channel-opacity\"\/>\n\n\n\n<h3 class=\"wp-block-heading\"><strong>Anwendbares Recht und Gerichtsstand<\/strong><\/h3>\n\n\n\n<p class=\"translation-block\">Diese rechtlichen Hinweise unterliegen schweizerischem Recht. Im Falle von Streitigkeiten sind die Gerichte am Sitz von Glasstec Solution GmbH, also in Gampel-Bratsch, Schweiz, zust\u00e4ndig.<\/p>\n\n\n\n<hr class=\"wp-block-separator has-alpha-channel-opacity\"\/>","protected":false},"excerpt":{"rendered":"<p>Informations l\u00e9gales Le site insectastore.ch (ci-apr\u00e8s d\u00e9nomm\u00e9 le \u00ab\u00a0Site\u00a0\u00bb) et l&rsquo;activit\u00e9 de InsectaStore sont exploit\u00e9s et appartiennent \u00e0 la soci\u00e9t\u00e9 principale : Glasstec Solution GmbHc\/o Plaschy Marc Andr\u00e9Adresse : Rue&#8230;<\/p>","protected":false},"author":1,"featured_media":0,"parent":0,"menu_order":0,"comment_status":"closed","ping_status":"closed","template":"","meta":{"footnotes":""},"class_list":["post-288","page","type-page","status-publish"],"_links":{"self":[{"href":"https:\/\/insectastore.ch\/de\/wp-json\/wp\/v2\/pages\/288","targetHints":{"allow":["GET"]}}],"collection":[{"href":"https:\/\/insectastore.ch\/de\/wp-json\/wp\/v2\/pages"}],"about":[{"href":"https:\/\/insectastore.ch\/de\/wp-json\/wp\/v2\/types\/page"}],"author":[{"embeddable":true,"href":"https:\/\/insectastore.ch\/de\/wp-json\/wp\/v2\/users\/1"}],"replies":[{"embeddable":true,"href":"https:\/\/insectastore.ch\/de\/wp-json\/wp\/v2\/comments?post=288"}],"version-history":[{"count":5,"href":"https:\/\/insectastore.ch\/de\/wp-json\/wp\/v2\/pages\/288\/revisions"}],"predecessor-version":[{"id":338,"href":"https:\/\/insectastore.ch\/de\/wp-json\/wp\/v2\/pages\/288\/revisions\/338"}],"wp:attachment":[{"href":"https:\/\/insectastore.ch\/de\/wp-json\/wp\/v2\/media?parent=288"}],"curies":[{"name":"wp","href":"https:\/\/api.w.org\/{rel}","templated":true}]}}